{"id":963,"date":"2025-02-20T01:59:11","date_gmt":"2025-02-20T01:59:11","guid":{"rendered":"https:\/\/gestos.co\/web\/?page_id=963"},"modified":"2025-08-27T22:31:00","modified_gmt":"2025-08-27T22:31:00","slug":"taller-de-teatro-3","status":"publish","type":"page","link":"https:\/\/gestos.co\/web\/taller-de-teatro-3\/","title":{"rendered":"Elencos"},"content":{"rendered":"\t\t<div data-elementor-type=\"wp-page\" data-elementor-id=\"963\" class=\"elementor elementor-963\" data-elementor-post-type=\"page\">\n\t\t\t\t\t\t<section class=\"elementor-section elementor-top-section elementor-element elementor-element-64d5630 elementor-section-boxed elementor-section-height-default elementor-section-height-default\" data-id=\"64d5630\" data-element_type=\"section\" data-e-type=\"section\">\n\t\t\t\t\t\t\t<div class=\"elementor-background-overlay\"><\/div>\n\t\t\t\t\t\t\t<div class=\"elementor-container elementor-column-gap-default\">\n\t\t\t\t\t<div class=\"elementor-column elementor-col-50 elementor-top-column elementor-element elementor-element-34498da\" data-id=\"34498da\" data-element_type=\"column\" data-e-type=\"column\">\n\t\t\t<div class=\"elementor-widget-wrap elementor-element-populated\">\n\t\t\t\t\t\t<div class=\"elementor-element elementor-element-909a2a3 elementor-invisible elementor-widget elementor-widget-heading\" data-id=\"909a2a3\" data-element_type=\"widget\" data-e-type=\"widget\" data-settings=\"{&quot;_animation&quot;:&quot;fadeInDown&quot;}\" data-widget_type=\"heading.default\">\n\t\t\t\t<div class=\"elementor-widget-container\">\n\t\t\t\t\t<h2 class=\"elementor-heading-title elementor-size-default\">Elencos <\/h2>\t\t\t\t<\/div>\n\t\t\t\t<\/div>\n\t\t\t\t<div class=\"elementor-element elementor-element-eea778b elementor-widget elementor-widget-heading\" data-id=\"eea778b\" data-element_type=\"widget\" data-e-type=\"widget\" data-widget_type=\"heading.default\">\n\t\t\t\t<div class=\"elementor-widget-container\">\n\t\t\t\t\t<h2 class=\"elementor-heading-title elementor-size-default\">Grupos de teatro de circulaci\u00f3n y proyecci\u00f3n<\/h2>\t\t\t\t<\/div>\n\t\t\t\t<\/div>\n\t\t\t\t<div class=\"elementor-element elementor-element-be8c482 elementor-widget elementor-widget-text-editor\" data-id=\"be8c482\" data-element_type=\"widget\" data-e-type=\"widget\" data-widget_type=\"text-editor.default\">\n\t\t\t\t<div class=\"elementor-widget-container\">\n\t\t\t\t\t\t\t\t\t<p>Dos grupos que nacen en la <strong>Escuela Creadores<\/strong> a partir de los procesos de formaci\u00f3n.\u00a0<\/p><p>Estos grupos han sido conformados por Creadores que han hecho del teatro un camino <b>para creer y crear a partir de su talento.<\/b><\/p><p><b><\/b>Con estos elencos se han realizados montajes de obras de teatro las cuales han hecho parte de la programaci\u00f3n cultural de la Sala Gestos Mnemes, han realizado circulaci\u00f3n y han sido ganadores de programas de est\u00edmulos a nivel local, departamental y nacional.<br \/><br \/><strong>\u00abLant\u00e1nidos\u00bb y \u00abEl Dorado\u00bb<\/strong> son la evidencia de que la Escuela Creadores es un lugar para descubrir y descubrirse, donde el talento aflora cuando a las habilidades humanas se les brinda un espacio de exploraci\u00f3n, gu\u00eda y expresi\u00f3n. En este entorno, la creatividad se potencia, las ideas cobran vida y cada individuo encuentra su voz a trav\u00e9s del arte, el asombro y el v\u00ednculo con los dem\u00e1s.<\/p>\t\t\t\t\t\t\t\t<\/div>\n\t\t\t\t<\/div>\n\t\t\t\t\t<\/div>\n\t\t<\/div>\n\t\t\t\t<div class=\"elementor-column elementor-col-50 elementor-top-column elementor-element elementor-element-2cab15c\" data-id=\"2cab15c\" data-element_type=\"column\" data-e-type=\"column\">\n\t\t\t<div class=\"elementor-widget-wrap elementor-element-populated\">\n\t\t\t\t\t\t<div class=\"elementor-element elementor-element-e602749 elementor-skin-carousel elementor-arrows-yes elementor-pagination-type-bullets elementor-pagination-position-outside elementor-widget elementor-widget-media-carousel\" data-id=\"e602749\" data-element_type=\"widget\" data-e-type=\"widget\" data-settings=\"{&quot;slides_per_view&quot;:&quot;2&quot;,&quot;skin&quot;:&quot;carousel&quot;,&quot;effect&quot;:&quot;slide&quot;,&quot;show_arrows&quot;:&quot;yes&quot;,&quot;pagination&quot;:&quot;bullets&quot;,&quot;speed&quot;:500,&quot;autoplay&quot;:&quot;yes&quot;,&quot;autoplay_speed&quot;:5000,&quot;loop&quot;:&quot;yes&quot;,&quot;pause_on_hover&quot;:&quot;yes&quot;,&quot;pause_on_interaction&quot;:&quot;yes&quot;,&quot;space_between&quot;:{&quot;unit&quot;:&quot;px&quot;,&quot;size&quot;:10,&quot;sizes&quot;:[]},&quot;space_between_tablet&quot;:{&quot;unit&quot;:&quot;px&quot;,&quot;size&quot;:10,&quot;sizes&quot;:[]},&quot;space_between_mobile&quot;:{&quot;unit&quot;:&quot;px&quot;,&quot;size&quot;:10,&quot;sizes&quot;:[]}}\" data-widget_type=\"media-carousel.default\">\n\t\t\t\t<div class=\"elementor-widget-container\">\n\t\t\t\t\t\t\t\t\t<div class=\"elementor-swiper\">\n\t\t\t\t\t<div class=\"elementor-main-swiper swiper\" role=\"region\" aria-roledescription=\"carousel\" aria-label=\"Diapositivas\">\n\t\t\t\t<div class=\"swiper-wrapper\">\n\t\t\t\t\t\t\t\t\t\t\t<div class=\"swiper-slide\" role=\"group\" aria-roledescription=\"slide\">\n\t\t\t\t\t\t\t\t\t<div class=\"elementor-carousel-image\" role=\"img\" aria-label=\"GOLDGYM2023_48\" style=\"background-image: url(&#039;https:\/\/gestos.co\/web\/wp-content\/uploads\/2025\/02\/GOLDGYM2023_48-scaled.jpg&#039;)\">\n\n\t\t\t\n\t\t\t\t\t<\/div>\n\t\t\t\t\t\t\t\t<\/div>\n\t\t\t\t\t\t\t\t\t\t\t<div class=\"swiper-slide\" role=\"group\" aria-roledescription=\"slide\">\n\t\t\t\t\t\t\t\t\t<div class=\"elementor-carousel-image\" role=\"img\" aria-label=\"ROMEOYJULIETA2023\" style=\"background-image: url(&#039;https:\/\/gestos.co\/web\/wp-content\/uploads\/2025\/02\/ROMEOYJULIETA2023-scaled.jpg&#039;)\">\n\n\t\t\t\n\t\t\t\t\t<\/div>\n\t\t\t\t\t\t\t\t<\/div>\n\t\t\t\t\t\t\t\t\t\t\t<div class=\"swiper-slide\" role=\"group\" aria-roledescription=\"slide\">\n\t\t\t\t\t\t\t\t\t<div class=\"elementor-carousel-image\" role=\"img\" aria-label=\"Er\u00e9ndira_33\" style=\"background-image: url(&#039;https:\/\/gestos.co\/web\/wp-content\/uploads\/2025\/02\/Erendira_33-scaled.jpg&#039;)\">\n\n\t\t\t\n\t\t\t\t\t<\/div>\n\t\t\t\t\t\t\t\t<\/div>\n\t\t\t\t\t\t\t\t\t\t\t<div class=\"swiper-slide\" role=\"group\" aria-roledescription=\"slide\">\n\t\t\t\t\t\t\t\t\t<div class=\"elementor-carousel-image\" role=\"img\" aria-label=\"EL Dorado (1)\" style=\"background-image: url(&#039;https:\/\/gestos.co\/web\/wp-content\/uploads\/2025\/02\/EL-Dorado-1-e1741091185876.png&#039;)\">\n\n\t\t\t\n\t\t\t\t\t<\/div>\n\t\t\t\t\t\t\t\t<\/div>\n\t\t\t\t\t\t\t\t\t<\/div>\n\t\t\t\t\t\t\t\t\t\t\t\t\t\t\t<div class=\"elementor-swiper-button elementor-swiper-button-prev\" role=\"button\" tabindex=\"0\" aria-label=\"Anterior\">\n\t\t\t\t\t\t\t<i aria-hidden=\"true\" class=\"eicon-chevron-left\"><\/i>\t\t\t\t\t\t<\/div>\n\t\t\t\t\t\t<div class=\"elementor-swiper-button elementor-swiper-button-next\" role=\"button\" tabindex=\"0\" aria-label=\"Siguiente\">\n\t\t\t\t\t\t\t<i aria-hidden=\"true\" class=\"eicon-chevron-right\"><\/i>\t\t\t\t\t\t<\/div>\n\t\t\t\t\t\t\t\t\t\t\t\t\t\t\t\t<div class=\"swiper-pagination\"><\/div>\n\t\t\t\t\t\t\t\t\t\t\t\t<\/div>\n\t\t\t\t<\/div>\n\t\t\t\t\t\t\t\t<\/div>\n\t\t\t\t<\/div>\n\t\t\t\t\t<\/div>\n\t\t<\/div>\n\t\t\t\t\t<\/div>\n\t\t<\/section>\n\t\t\t\t<section class=\"elementor-section elementor-top-section elementor-element elementor-element-5f342b1 elementor-section-full_width elementor-section-height-full elementor-section-content-bottom elementor-section-height-default elementor-section-items-middle\" data-id=\"5f342b1\" data-element_type=\"section\" data-e-type=\"section\" data-settings=\"{&quot;background_background&quot;:&quot;gradient&quot;}\">\n\t\t\t\t\t\t\t<div class=\"elementor-background-overlay\"><\/div>\n\t\t\t\t\t\t\t<div class=\"elementor-container elementor-column-gap-default\">\n\t\t\t\t\t<div class=\"elementor-column elementor-col-100 elementor-top-column elementor-element elementor-element-5eed8db\" data-id=\"5eed8db\" data-element_type=\"column\" data-e-type=\"column\">\n\t\t\t<div class=\"elementor-widget-wrap elementor-element-populated\">\n\t\t\t\t\t\t<div class=\"elementor-element elementor-element-878eab0 elementor-widget__width-initial elementor-widget elementor-widget-heading\" data-id=\"878eab0\" data-element_type=\"widget\" data-e-type=\"widget\" data-widget_type=\"heading.default\">\n\t\t\t\t<div class=\"elementor-widget-container\">\n\t\t\t\t\t<h2 class=\"elementor-heading-title elementor-size-default\">El Dorado (Adultos Mayores):<\/h2>\t\t\t\t<\/div>\n\t\t\t\t<\/div>\n\t\t\t\t<div class=\"elementor-element elementor-element-5a6bf90 elementor-widget__width-initial elementor-widget elementor-widget-text-editor\" data-id=\"5a6bf90\" data-element_type=\"widget\" data-e-type=\"widget\" data-widget_type=\"text-editor.default\">\n\t\t\t\t<div class=\"elementor-widget-container\">\n\t\t\t\t\t\t\t\t\t<p><strong><span style=\"color: #ffffff;\">El Dorado nace en la Corporaci\u00f3n Cultural y Art\u00edstica Gestos Mnemes a partir del proceso de formaci\u00f3n de la Escuela Creadores, iniciado para trabajar la memoria y el cuidado con un grupo de adultos mayores que decidieron volver a so\u00f1ar.<\/span><\/strong><\/p><p><strong><span style=\"color: #ffffff;\">Tener un grupo de 13 integrantes con nuevas miradas y encuentros permite que el adulto mayor tenga un lugar y un espacio para decir, hacer, explorar, relatar, recordar y representar. Poco a poco ir encontrando en la escena una manera de expresar sus sentimientos y emociones y a la vez imaginar y recrear.<\/span><\/strong><\/p>\t\t\t\t\t\t\t\t<\/div>\n\t\t\t\t<\/div>\n\t\t\t\t<div class=\"elementor-element elementor-element-d5c1461 elementor-widget elementor-widget-button\" data-id=\"d5c1461\" data-element_type=\"widget\" data-e-type=\"widget\" data-widget_type=\"button.default\">\n\t\t\t\t<div class=\"elementor-widget-container\">\n\t\t\t\t\t\t\t\t\t<div class=\"elementor-button-wrapper\">\n\t\t\t\t\t<a class=\"elementor-button elementor-button-link elementor-size-sm\" href=\"https:\/\/drive.google.com\/file\/d\/1-9IPKEl7MJvEI652WCB7HksRA8ol_Dbv\/view\">\n\t\t\t\t\t\t<span class=\"elementor-button-content-wrapper\">\n\t\t\t\t\t\t\t\t\t<span class=\"elementor-button-text\">Conoce m\u00e1s sobre el grupo<\/span>\n\t\t\t\t\t<\/span>\n\t\t\t\t\t<\/a>\n\t\t\t\t<\/div>\n\t\t\t\t\t\t\t\t<\/div>\n\t\t\t\t<\/div>\n\t\t\t\t\t<\/div>\n\t\t<\/div>\n\t\t\t\t\t<\/div>\n\t\t<\/section>\n\t\t\t\t<section class=\"elementor-section elementor-top-section elementor-element elementor-element-9f9c6bd elementor-section-full_width elementor-section-height-full elementor-section-content-bottom elementor-section-height-default elementor-section-items-middle\" data-id=\"9f9c6bd\" data-element_type=\"section\" data-e-type=\"section\" data-settings=\"{&quot;background_background&quot;:&quot;gradient&quot;}\">\n\t\t\t\t\t\t\t<div class=\"elementor-background-overlay\"><\/div>\n\t\t\t\t\t\t\t<div class=\"elementor-container elementor-column-gap-default\">\n\t\t\t\t\t<div class=\"elementor-column elementor-col-100 elementor-top-column elementor-element elementor-element-19c27eb\" data-id=\"19c27eb\" data-element_type=\"column\" data-e-type=\"column\">\n\t\t\t<div class=\"elementor-widget-wrap elementor-element-populated\">\n\t\t\t\t\t\t<div class=\"elementor-element elementor-element-6cc713d elementor-widget__width-initial elementor-widget elementor-widget-heading\" data-id=\"6cc713d\" data-element_type=\"widget\" data-e-type=\"widget\" data-widget_type=\"heading.default\">\n\t\t\t\t<div class=\"elementor-widget-container\">\n\t\t\t\t\t<h2 class=\"elementor-heading-title elementor-size-default\">Lant\u00e1nidos (Grupo juvenil):<\/h2>\t\t\t\t<\/div>\n\t\t\t\t<\/div>\n\t\t\t\t<div class=\"elementor-element elementor-element-36afd48 elementor-widget__width-initial elementor-widget elementor-widget-text-editor\" data-id=\"36afd48\" data-element_type=\"widget\" data-e-type=\"widget\" data-widget_type=\"text-editor.default\">\n\t\t\t\t<div class=\"elementor-widget-container\">\n\t\t\t\t\t\t\t\t\t<p><strong><span style=\"color: #ffffff;\">Lant\u00e1nidos, es uno de los grupos de proyecci\u00f3n y circulaci\u00f3n de la entidad. Sus participantes son creadores que han pasado por diferentes niveles de la Escuela Creadores.<\/span><\/strong><\/p><p><strong><span style=\"color: #ffffff;\"> En \u00e9l, el creador se apropia de los elementos t\u00e9cnicos y escenogr\u00e1ficos, actorales y de expresi\u00f3n corporal para realizar una composici\u00f3n teatral a partir del reconocimiento de las habilidades adquiridas, como la construcci\u00f3n de personaje, acci\u00f3n dram\u00e1tica, situaci\u00f3n dram\u00e1tica y estructura dram\u00e1tica.<\/span><\/strong><\/p><p>\u00a0<\/p>\t\t\t\t\t\t\t\t<\/div>\n\t\t\t\t<\/div>\n\t\t\t\t<div class=\"elementor-element elementor-element-26474cf elementor-widget elementor-widget-button\" data-id=\"26474cf\" data-element_type=\"widget\" data-e-type=\"widget\" data-widget_type=\"button.default\">\n\t\t\t\t<div class=\"elementor-widget-container\">\n\t\t\t\t\t\t\t\t\t<div class=\"elementor-button-wrapper\">\n\t\t\t\t\t<a class=\"elementor-button elementor-button-link elementor-size-sm\" href=\"https:\/\/drive.google.com\/file\/d\/13ENc3PvibhPYtZLYas4oQC8yuGNNtXNr\/view\">\n\t\t\t\t\t\t<span class=\"elementor-button-content-wrapper\">\n\t\t\t\t\t\t\t\t\t<span class=\"elementor-button-text\">Conoce m\u00e1s sobre el grupo<\/span>\n\t\t\t\t\t<\/span>\n\t\t\t\t\t<\/a>\n\t\t\t\t<\/div>\n\t\t\t\t\t\t\t\t<\/div>\n\t\t\t\t<\/div>\n\t\t\t\t\t<\/div>\n\t\t<\/div>\n\t\t\t\t\t<\/div>\n\t\t<\/section>\n\t\t\t\t<\/div>\n\t\t","protected":false},"excerpt":{"rendered":"<p>Elencos Grupos de teatro de circulaci\u00f3n y proyecci\u00f3n Dos grupos que nacen en la Escuela Creadores a partir de los procesos de formaci\u00f3n.\u00a0 Estos grupos han sido conformados por Creadores que han hecho del teatro un camino para creer y crear a partir de su talento. Con estos elencos se han realizados montajes de obras [&hellip;]<\/p>\n","protected":false},"author":1,"featured_media":0,"parent":0,"menu_order":0,"comment_status":"closed","ping_status":"closed","template":"","meta":{"_joinchat":[],"footnotes":""},"class_list":["post-963","page","type-page","status-publish","hentry"],"_links":{"self":[{"href":"https:\/\/gestos.co\/web\/wp-json\/wp\/v2\/pages\/963","targetHints":{"allow":["GET"]}}],"collection":[{"href":"https:\/\/gestos.co\/web\/wp-json\/wp\/v2\/pages"}],"about":[{"href":"https:\/\/gestos.co\/web\/wp-json\/wp\/v2\/types\/page"}],"author":[{"embeddable":true,"href":"https:\/\/gestos.co\/web\/wp-json\/wp\/v2\/users\/1"}],"replies":[{"embeddable":true,"href":"https:\/\/gestos.co\/web\/wp-json\/wp\/v2\/comments?post=963"}],"version-history":[{"count":30,"href":"https:\/\/gestos.co\/web\/wp-json\/wp\/v2\/pages\/963\/revisions"}],"predecessor-version":[{"id":1397,"href":"https:\/\/gestos.co\/web\/wp-json\/wp\/v2\/pages\/963\/revisions\/1397"}],"wp:attachment":[{"href":"https:\/\/gestos.co\/web\/wp-json\/wp\/v2\/media?parent=963"}],"curies":[{"name":"wp","href":"https:\/\/api.w.org\/{rel}","templated":true}]}}