{"id":604,"date":"2025-02-14T15:51:13","date_gmt":"2025-02-14T15:51:13","guid":{"rendered":"https:\/\/gestos.co\/web\/?page_id=604"},"modified":"2026-02-03T16:38:38","modified_gmt":"2026-02-03T16:38:38","slug":"dian","status":"publish","type":"page","link":"https:\/\/gestos.co\/web\/dian\/","title":{"rendered":"ESAL"},"content":{"rendered":"\t\t<div data-elementor-type=\"wp-page\" data-elementor-id=\"604\" class=\"elementor elementor-604\" data-elementor-post-type=\"page\">\n\t\t\t\t\t\t<section class=\"elementor-section elementor-top-section elementor-element elementor-element-6dddef68 elementor-section-boxed elementor-section-height-default elementor-section-height-default\" data-id=\"6dddef68\" data-element_type=\"section\" data-e-type=\"section\">\n\t\t\t\t\t\t<div class=\"elementor-container elementor-column-gap-default\">\n\t\t\t\t\t<div class=\"elementor-column elementor-col-100 elementor-top-column elementor-element elementor-element-abf92c\" data-id=\"abf92c\" data-element_type=\"column\" data-e-type=\"column\">\n\t\t\t<div class=\"elementor-widget-wrap elementor-element-populated\">\n\t\t\t\t\t\t<div class=\"elementor-element elementor-element-47ab0852 elementor-widget elementor-widget-text-editor\" data-id=\"47ab0852\" data-element_type=\"widget\" data-e-type=\"widget\" data-widget_type=\"text-editor.default\">\n\t\t\t\t<div class=\"elementor-widget-container\">\n\t\t\t\t\t\t\t\t\t<h2>DOCUMENTOS ESAL:<\/h2><p>En cumplimiento de la Ley 1819 de 2016 que modific\u00f3 el R\u00e9gimen Tributario Especial para las entidades sin \u00e1nimo de lucro ESAL, la Corporaci\u00f3n Cultural y Art\u00edstica Gestos Mnemes pone a disposici\u00f3n de la sociedad civil la informaci\u00f3n de la entidad.<\/p><p><a href=\"https:\/\/gestos.co\/web\/wp-content\/uploads\/2026\/02\/01_Estados_financieros_2024_1-3.pdf\"><br \/>Estados financieros Gestos Mnemes | 2024<br \/><\/a><br \/><a href=\"https:\/\/gestos.co\/web\/wp-content\/uploads\/2026\/02\/02_Certificado_cumplimiento_RTE-1.pdf\"><br \/>Certificado de cumplimiento<br \/><\/a><br \/><a href=\"https:\/\/gestos.co\/web\/wp-content\/uploads\/2026\/02\/03_Acta_de_constitucion-1.pdf\"><br \/>Acta de constituci\u00f3n<br \/><\/a><br \/><a href=\"https:\/\/gestos.co\/web\/wp-content\/uploads\/2026\/02\/04_Certificado_de_existencia_y_representacion_legal_1-1.pdf\"><br \/>Certificado de existencia y representaci\u00f3n<br \/><\/a><br \/><a href=\"https:\/\/gestos.co\/web\/wp-content\/uploads\/2026\/02\/05-Acta-de-asambrea-extraordinaria-autorizacion-rep-legal-actividad-meritoria-excedentes-1.pdf\"><br \/>Acta de asamblea extraordinaria<br \/><\/a><br \/><a href=\"https:\/\/gestos.co\/web\/wp-content\/uploads\/2026\/02\/07_Certificado_de_antecedentes_de_los_miembros_de_junta_directiva.pdf\"><br \/>Certificado de antecedentes<br \/><\/a><br \/><a href=\"https:\/\/gestos.co\/web\/wp-content\/uploads\/2026\/02\/01_Estatutos_actualizados_2026.pdf\"><br \/>Acta de asamblea y estatutos<br \/><\/a><br \/><a href=\"https:\/\/gestos.co\/web\/wp-content\/uploads\/2026\/02\/03_Informe_de_Gestion_Anual_2024_compressed-2.pdf\"><br \/>Informe de gesti\u00f3n 2024<\/a><\/p><p>\u00a0<\/p><p><a href=\"https:\/\/gestos.co\/web\/wp-content\/uploads\/2026\/02\/08_Certificado_de_cargos_directivos.pdf\">Certificado de cargos <\/a><a href=\"https:\/\/gestos.co\/web\/wp-content\/uploads\/2026\/02\/08_Certificado_de_cargos_directivos.pdf\">directivos<\/a><\/p><p>\u00a0<\/p><p><a href=\"https:\/\/gestos.co\/web\/wp-content\/uploads\/2026\/02\/02_Acta_de_Asamblea_Reinversion_de_Excedentes-1.pdf\">Acta de Asamblea Reinversi\u00f3n de Excedentes<\/a><\/p>\t\t\t\t\t\t\t\t<\/div>\n\t\t\t\t<\/div>\n\t\t\t\t\t<\/div>\n\t\t<\/div>\n\t\t\t\t\t<\/div>\n\t\t<\/section>\n\t\t\t\t<section class=\"elementor-section elementor-top-section elementor-element elementor-element-92b0896 elementor-section-boxed elementor-section-height-default elementor-section-height-default\" data-id=\"92b0896\" data-element_type=\"section\" data-e-type=\"section\">\n\t\t\t\t\t\t<div class=\"elementor-container elementor-column-gap-default\">\n\t\t\t\t\t<div class=\"elementor-column elementor-col-100 elementor-top-column elementor-element elementor-element-b5368f6\" data-id=\"b5368f6\" data-element_type=\"column\" data-e-type=\"column\">\n\t\t\t<div class=\"elementor-widget-wrap elementor-element-populated\">\n\t\t\t\t\t\t\t<\/div>\n\t\t<\/div>\n\t\t\t\t\t<\/div>\n\t\t<\/section>\n\t\t\t\t<\/div>\n\t\t","protected":false},"excerpt":{"rendered":"<p>DOCUMENTOS ESAL: En cumplimiento de la Ley 1819 de 2016 que modific\u00f3 el R\u00e9gimen Tributario Especial para las entidades sin \u00e1nimo de lucro ESAL, la Corporaci\u00f3n Cultural y Art\u00edstica Gestos Mnemes pone a disposici\u00f3n de la sociedad civil la informaci\u00f3n de la entidad. Estados financieros Gestos Mnemes | 2024Certificado de cumplimientoActa de constituci\u00f3nCertificado de existencia [&hellip;]<\/p>\n","protected":false},"author":1,"featured_media":0,"parent":0,"menu_order":0,"comment_status":"closed","ping_status":"closed","template":"","meta":{"_joinchat":[],"footnotes":""},"class_list":["post-604","page","type-page","status-publish","hentry"],"_links":{"self":[{"href":"https:\/\/gestos.co\/web\/wp-json\/wp\/v2\/pages\/604","targetHints":{"allow":["GET"]}}],"collection":[{"href":"https:\/\/gestos.co\/web\/wp-json\/wp\/v2\/pages"}],"about":[{"href":"https:\/\/gestos.co\/web\/wp-json\/wp\/v2\/types\/page"}],"author":[{"embeddable":true,"href":"https:\/\/gestos.co\/web\/wp-json\/wp\/v2\/users\/1"}],"replies":[{"embeddable":true,"href":"https:\/\/gestos.co\/web\/wp-json\/wp\/v2\/comments?post=604"}],"version-history":[{"count":89,"href":"https:\/\/gestos.co\/web\/wp-json\/wp\/v2\/pages\/604\/revisions"}],"predecessor-version":[{"id":1510,"href":"https:\/\/gestos.co\/web\/wp-json\/wp\/v2\/pages\/604\/revisions\/1510"}],"wp:attachment":[{"href":"https:\/\/gestos.co\/web\/wp-json\/wp\/v2\/media?parent=604"}],"curies":[{"name":"wp","href":"https:\/\/api.w.org\/{rel}","templated":true}]}}