{"id":1064,"date":"2025-03-04T11:40:59","date_gmt":"2025-03-04T11:40:59","guid":{"rendered":"https:\/\/gestos.co\/web\/?page_id=1064"},"modified":"2025-08-29T22:00:38","modified_gmt":"2025-08-29T22:00:38","slug":"taller-de-teatro-3-2","status":"publish","type":"page","link":"https:\/\/gestos.co\/web\/taller-de-teatro-3-2\/","title":{"rendered":"Elencos base"},"content":{"rendered":"\t\t<div data-elementor-type=\"wp-page\" data-elementor-id=\"1064\" class=\"elementor elementor-1064\" data-elementor-post-type=\"page\">\n\t\t\t\t\t\t<section class=\"elementor-section elementor-top-section elementor-element elementor-element-64d5630 elementor-section-boxed elementor-section-height-default elementor-section-height-default\" data-id=\"64d5630\" data-element_type=\"section\" data-e-type=\"section\">\n\t\t\t\t\t\t\t<div class=\"elementor-background-overlay\"><\/div>\n\t\t\t\t\t\t\t<div class=\"elementor-container elementor-column-gap-default\">\n\t\t\t\t\t<div class=\"elementor-column elementor-col-50 elementor-top-column elementor-element elementor-element-34498da\" data-id=\"34498da\" data-element_type=\"column\" data-e-type=\"column\">\n\t\t\t<div class=\"elementor-widget-wrap elementor-element-populated\">\n\t\t\t\t\t\t<div class=\"elementor-element elementor-element-909a2a3 elementor-invisible elementor-widget elementor-widget-heading\" data-id=\"909a2a3\" data-element_type=\"widget\" data-e-type=\"widget\" data-settings=\"{&quot;_animation&quot;:&quot;fadeInDown&quot;}\" data-widget_type=\"heading.default\">\n\t\t\t\t<div class=\"elementor-widget-container\">\n\t\t\t\t\t<h2 class=\"elementor-heading-title elementor-size-default\">Elencos Base<\/h2>\t\t\t\t<\/div>\n\t\t\t\t<\/div>\n\t\t\t\t<div class=\"elementor-element elementor-element-eea778b elementor-widget elementor-widget-heading\" data-id=\"eea778b\" data-element_type=\"widget\" data-e-type=\"widget\" data-widget_type=\"heading.default\">\n\t\t\t\t<div class=\"elementor-widget-container\">\n\t\t\t\t\t<h2 class=\"elementor-heading-title elementor-size-default\">Grupos principales de Teatro y Danza.<\/h2>\t\t\t\t<\/div>\n\t\t\t\t<\/div>\n\t\t\t\t<div class=\"elementor-element elementor-element-be8c482 elementor-widget elementor-widget-text-editor\" data-id=\"be8c482\" data-element_type=\"widget\" data-e-type=\"widget\" data-widget_type=\"text-editor.default\">\n\t\t\t\t<div class=\"elementor-widget-container\">\n\t\t\t\t\t\t\t\t\t<p><strong>S<\/strong><b>u trayectoria y creaci\u00f3n <\/b>han marcado un hito en la comunidad, la entidad y la creaci\u00f3n art\u00edstica de la ciudad, sembrando un legado de sensibilidad, expresi\u00f3n y encuentro. A trav\u00e9s de los a\u00f1os, han dado vida a un espacio donde el arte no solo se aprende, sino que se siente y se vive, un refugio donde las emociones toman forma y la creatividad se convierte en un puente para la conexi\u00f3n humana. Han sido faro y hogar para generaciones de artistas, gui\u00e1ndolos en la b\u00fasqueda de su propia voz y en la construcci\u00f3n de un lenguaje que trasciende el tiempo. En <strong>el grupo \u00abGestos Mnemes\u00bb de teatro y el grupo \u00abEstudio Danza\u00bb<\/strong>, la danza, el teatro y la palabra son m\u00e1s que disciplinas: son memorias en movimiento, huellas de quienes han encontrado aqu\u00ed un lugar para existir plenamente.<\/p>\t\t\t\t\t\t\t\t<\/div>\n\t\t\t\t<\/div>\n\t\t\t\t\t<\/div>\n\t\t<\/div>\n\t\t\t\t<div class=\"elementor-column elementor-col-50 elementor-top-column elementor-element elementor-element-2cab15c\" data-id=\"2cab15c\" data-element_type=\"column\" data-e-type=\"column\">\n\t\t\t<div class=\"elementor-widget-wrap elementor-element-populated\">\n\t\t\t\t\t\t<div class=\"elementor-element elementor-element-e602749 elementor-skin-carousel elementor-arrows-yes elementor-pagination-type-bullets elementor-pagination-position-outside elementor-widget elementor-widget-media-carousel\" data-id=\"e602749\" data-element_type=\"widget\" data-e-type=\"widget\" data-settings=\"{&quot;slides_per_view&quot;:&quot;2&quot;,&quot;skin&quot;:&quot;carousel&quot;,&quot;effect&quot;:&quot;slide&quot;,&quot;show_arrows&quot;:&quot;yes&quot;,&quot;pagination&quot;:&quot;bullets&quot;,&quot;speed&quot;:500,&quot;autoplay&quot;:&quot;yes&quot;,&quot;autoplay_speed&quot;:5000,&quot;loop&quot;:&quot;yes&quot;,&quot;pause_on_hover&quot;:&quot;yes&quot;,&quot;pause_on_interaction&quot;:&quot;yes&quot;,&quot;space_between&quot;:{&quot;unit&quot;:&quot;px&quot;,&quot;size&quot;:10,&quot;sizes&quot;:[]},&quot;space_between_tablet&quot;:{&quot;unit&quot;:&quot;px&quot;,&quot;size&quot;:10,&quot;sizes&quot;:[]},&quot;space_between_mobile&quot;:{&quot;unit&quot;:&quot;px&quot;,&quot;size&quot;:10,&quot;sizes&quot;:[]}}\" data-widget_type=\"media-carousel.default\">\n\t\t\t\t<div class=\"elementor-widget-container\">\n\t\t\t\t\t\t\t\t\t<div class=\"elementor-swiper\">\n\t\t\t\t\t<div class=\"elementor-main-swiper swiper\" role=\"region\" aria-roledescription=\"carousel\" aria-label=\"Diapositivas\">\n\t\t\t\t<div class=\"swiper-wrapper\">\n\t\t\t\t\t\t\t\t\t\t\t<div class=\"swiper-slide\" role=\"group\" aria-roledescription=\"slide\">\n\t\t\t\t\t\t\t\t\t<div class=\"elementor-carousel-image\" role=\"img\" aria-label=\"IMG_7124\" style=\"background-image: url(&#039;https:\/\/gestos.co\/web\/wp-content\/uploads\/2025\/02\/IMG_7124-scaled.jpg&#039;)\">\n\n\t\t\t\n\t\t\t\t\t<\/div>\n\t\t\t\t\t\t\t\t<\/div>\n\t\t\t\t\t\t\t\t\t\t\t<div class=\"swiper-slide\" role=\"group\" aria-roledescription=\"slide\">\n\t\t\t\t\t\t\t\t\t<div class=\"elementor-carousel-image\" role=\"img\" aria-label=\"Estudio Danza\" style=\"background-image: url(&#039;https:\/\/gestos.co\/web\/wp-content\/uploads\/2025\/02\/Estudio-Danza-scaled.jpg&#039;)\">\n\n\t\t\t\n\t\t\t\t\t<\/div>\n\t\t\t\t\t\t\t\t<\/div>\n\t\t\t\t\t\t\t\t\t\t\t<div class=\"swiper-slide\" role=\"group\" aria-roledescription=\"slide\">\n\t\t\t\t\t\t\t\t\t<div class=\"elementor-carousel-image\" role=\"img\" aria-label=\"GOLDGYM2023_48\" style=\"background-image: url(&#039;https:\/\/gestos.co\/web\/wp-content\/uploads\/2025\/02\/GOLDGYM2023_48-scaled.jpg&#039;)\">\n\n\t\t\t\n\t\t\t\t\t<\/div>\n\t\t\t\t\t\t\t\t<\/div>\n\t\t\t\t\t\t\t\t\t\t\t<div class=\"swiper-slide\" role=\"group\" aria-roledescription=\"slide\">\n\t\t\t\t\t\t\t\t\t<div class=\"elementor-carousel-image\" role=\"img\" aria-label=\"ROMEOYJULIETA2023\" style=\"background-image: url(&#039;https:\/\/gestos.co\/web\/wp-content\/uploads\/2025\/02\/ROMEOYJULIETA2023-scaled.jpg&#039;)\">\n\n\t\t\t\n\t\t\t\t\t<\/div>\n\t\t\t\t\t\t\t\t<\/div>\n\t\t\t\t\t\t\t\t\t<\/div>\n\t\t\t\t\t\t\t\t\t\t\t\t\t\t\t<div class=\"elementor-swiper-button elementor-swiper-button-prev\" role=\"button\" tabindex=\"0\" aria-label=\"Anterior\">\n\t\t\t\t\t\t\t<i aria-hidden=\"true\" class=\"eicon-chevron-left\"><\/i>\t\t\t\t\t\t<\/div>\n\t\t\t\t\t\t<div class=\"elementor-swiper-button elementor-swiper-button-next\" role=\"button\" tabindex=\"0\" aria-label=\"Siguiente\">\n\t\t\t\t\t\t\t<i aria-hidden=\"true\" class=\"eicon-chevron-right\"><\/i>\t\t\t\t\t\t<\/div>\n\t\t\t\t\t\t\t\t\t\t\t\t\t\t\t\t<div class=\"swiper-pagination\"><\/div>\n\t\t\t\t\t\t\t\t\t\t\t\t<\/div>\n\t\t\t\t<\/div>\n\t\t\t\t\t\t\t\t<\/div>\n\t\t\t\t<\/div>\n\t\t\t\t\t<\/div>\n\t\t<\/div>\n\t\t\t\t\t<\/div>\n\t\t<\/section>\n\t\t\t\t<section class=\"elementor-section elementor-top-section elementor-element elementor-element-706f6bd elementor-section-height-full elementor-section-content-bottom elementor-section-boxed elementor-section-height-default elementor-section-items-middle\" data-id=\"706f6bd\" data-element_type=\"section\" data-e-type=\"section\" data-settings=\"{&quot;background_background&quot;:&quot;gradient&quot;}\">\n\t\t\t\t\t\t\t<div class=\"elementor-background-overlay\"><\/div>\n\t\t\t\t\t\t\t<div class=\"elementor-container elementor-column-gap-default\">\n\t\t\t\t\t<div class=\"elementor-column elementor-col-100 elementor-top-column elementor-element elementor-element-64a2fd6\" data-id=\"64a2fd6\" data-element_type=\"column\" data-e-type=\"column\">\n\t\t\t<div class=\"elementor-widget-wrap elementor-element-populated\">\n\t\t\t\t\t\t<div class=\"elementor-element elementor-element-15b5329 elementor-widget__width-initial elementor-widget elementor-widget-heading\" data-id=\"15b5329\" data-element_type=\"widget\" data-e-type=\"widget\" data-widget_type=\"heading.default\">\n\t\t\t\t<div class=\"elementor-widget-container\">\n\t\t\t\t\t<h2 class=\"elementor-heading-title elementor-size-default\">Gestos Mnemes (Elenco Base):<br><\/h2>\t\t\t\t<\/div>\n\t\t\t\t<\/div>\n\t\t\t\t<div class=\"elementor-element elementor-element-2695518 elementor-widget__width-initial elementor-widget elementor-widget-text-editor\" data-id=\"2695518\" data-element_type=\"widget\" data-e-type=\"widget\" data-widget_type=\"text-editor.default\">\n\t\t\t\t<div class=\"elementor-widget-container\">\n\t\t\t\t\t\t\t\t\t<p><strong><span style=\"color: #ffffff;\">Gestos Mnemes, como grupo base en teatro, se ha caracterizado por experimentar y construir las obras con base en el teatro antropol\u00f3gico, el cual se pregunta \u00bfpor el hombre en su contexto? Y c\u00f3mo desde all\u00ed puede ahondar en experimentaciones dadas por el cuerpo, la memoria, el gesto y la palabra.<\/span><\/strong><\/p><p><strong><span style=\"color: #ffffff;\">En la b\u00fasqueda de una escena innovadora se sit\u00faan en el Teatro contempor\u00e1neo, construyendo miradas y po\u00e9ticas que arriesgan para la composici\u00f3n de im\u00e1genes y situaciones. \u201cEl performance\u201d es otro lugar visitado; desde all\u00ed, se instala la memoria y el olvido en un acontecimiento; se juega muchas veces con el video, la m\u00fasica, la danza y elementos vanguardistas que conjugan un nuevo lenguaje.<\/span><\/strong><\/p><p><strong><span style=\"color: #ffffff;\">Asimismo, apuestan al teatro did\u00e1ctico para generar conciencia reflexiva y cr\u00edtica sobre los valores humanos desde el teatro y sus m\u00faltiples acciones.<\/span><\/strong><\/p>\t\t\t\t\t\t\t\t<\/div>\n\t\t\t\t<\/div>\n\t\t\t\t<div class=\"elementor-element elementor-element-e425b50 elementor-widget elementor-widget-button\" data-id=\"e425b50\" data-element_type=\"widget\" data-e-type=\"widget\" data-widget_type=\"button.default\">\n\t\t\t\t<div class=\"elementor-widget-container\">\n\t\t\t\t\t\t\t\t\t<div class=\"elementor-button-wrapper\">\n\t\t\t\t\t<a class=\"elementor-button elementor-button-link elementor-size-sm\" href=\"https:\/\/drive.google.com\/file\/d\/1cUIYOK55OEjQW6ZmqgtLDFSGqpFFHfin\/view\">\n\t\t\t\t\t\t<span class=\"elementor-button-content-wrapper\">\n\t\t\t\t\t\t\t\t\t<span class=\"elementor-button-text\">Conoce m\u00e1s sobre el grupo<\/span>\n\t\t\t\t\t<\/span>\n\t\t\t\t\t<\/a>\n\t\t\t\t<\/div>\n\t\t\t\t\t\t\t\t<\/div>\n\t\t\t\t<\/div>\n\t\t\t\t\t<\/div>\n\t\t<\/div>\n\t\t\t\t\t<\/div>\n\t\t<\/section>\n\t\t\t\t<section class=\"elementor-section elementor-top-section elementor-element elementor-element-4e67a04 elementor-section-full_width elementor-section-height-full elementor-section-content-bottom elementor-section-height-default elementor-section-items-middle\" data-id=\"4e67a04\" data-element_type=\"section\" data-e-type=\"section\" data-settings=\"{&quot;background_background&quot;:&quot;gradient&quot;}\">\n\t\t\t\t\t\t\t<div class=\"elementor-background-overlay\"><\/div>\n\t\t\t\t\t\t\t<div class=\"elementor-container elementor-column-gap-default\">\n\t\t\t\t\t<div class=\"elementor-column elementor-col-100 elementor-top-column elementor-element elementor-element-5dced1e\" data-id=\"5dced1e\" data-element_type=\"column\" data-e-type=\"column\">\n\t\t\t<div class=\"elementor-widget-wrap elementor-element-populated\">\n\t\t\t\t\t\t<div class=\"elementor-element elementor-element-3ebbae5 elementor-widget__width-initial elementor-widget elementor-widget-heading\" data-id=\"3ebbae5\" data-element_type=\"widget\" data-e-type=\"widget\" data-widget_type=\"heading.default\">\n\t\t\t\t<div class=\"elementor-widget-container\">\n\t\t\t\t\t<h2 class=\"elementor-heading-title elementor-size-default\">Estudio Danza (Grupo de Danza):<\/h2>\t\t\t\t<\/div>\n\t\t\t\t<\/div>\n\t\t\t\t<div class=\"elementor-element elementor-element-b81353b elementor-widget__width-initial elementor-widget elementor-widget-text-editor\" data-id=\"b81353b\" data-element_type=\"widget\" data-e-type=\"widget\" data-widget_type=\"text-editor.default\">\n\t\t\t\t<div class=\"elementor-widget-container\">\n\t\t\t\t\t\t\t\t\t<p><span style=\"color: #ffffff;\"><strong>Desde el a\u00f1o 2004, el grupo se ha dejado provocar por la danza folcl\u00f3rica colombiana, al igual que por ritmos internacionales, ritmos de sal\u00f3n, la danza contempor\u00e1nea y experimental.<\/strong><\/span><\/p><p><span style=\"color: #ffffff;\"><strong>Encuentran en la danza: expresi\u00f3n, ritmo, creaci\u00f3n, manifestaci\u00f3n, se arriesgan desde el cuerpo \u2013 movimiento, para ir m\u00e1s all\u00e1, investigando, documentando, explorando la danza y visualiz\u00e1ndola como una expresi\u00f3n cultural que relata historias, configura memorias; y as\u00ed, hacer de cada apuesta creativa un lugar para avivar el esp\u00edritu y posibilitar el cuerpo en un encuentro consigo mismo y con el otro.<\/strong><\/span><\/p>\t\t\t\t\t\t\t\t<\/div>\n\t\t\t\t<\/div>\n\t\t\t\t<div class=\"elementor-element elementor-element-e316bac elementor-widget elementor-widget-button\" data-id=\"e316bac\" data-element_type=\"widget\" data-e-type=\"widget\" data-widget_type=\"button.default\">\n\t\t\t\t<div class=\"elementor-widget-container\">\n\t\t\t\t\t\t\t\t\t<div class=\"elementor-button-wrapper\">\n\t\t\t\t\t<a class=\"elementor-button elementor-button-link elementor-size-sm\" href=\"https:\/\/drive.google.com\/file\/d\/1eyHr5ulGDtAjmI569Ndpr-YoBiwiuJ8z\/view\">\n\t\t\t\t\t\t<span class=\"elementor-button-content-wrapper\">\n\t\t\t\t\t\t\t\t\t<span class=\"elementor-button-text\">Conoce m\u00e1s sobre el grupo<\/span>\n\t\t\t\t\t<\/span>\n\t\t\t\t\t<\/a>\n\t\t\t\t<\/div>\n\t\t\t\t\t\t\t\t<\/div>\n\t\t\t\t<\/div>\n\t\t\t\t\t<\/div>\n\t\t<\/div>\n\t\t\t\t\t<\/div>\n\t\t<\/section>\n\t\t\t\t<\/div>\n\t\t","protected":false},"excerpt":{"rendered":"<p>Elencos Base Grupos principales de Teatro y Danza. Su trayectoria y creaci\u00f3n han marcado un hito en la comunidad, la entidad y la creaci\u00f3n art\u00edstica de la ciudad, sembrando un legado de sensibilidad, expresi\u00f3n y encuentro. A trav\u00e9s de los a\u00f1os, han dado vida a un espacio donde el arte no solo se aprende, sino [&hellip;]<\/p>\n","protected":false},"author":1,"featured_media":0,"parent":0,"menu_order":0,"comment_status":"closed","ping_status":"closed","template":"","meta":{"_joinchat":[],"footnotes":""},"class_list":["post-1064","page","type-page","status-publish","hentry"],"_links":{"self":[{"href":"https:\/\/gestos.co\/web\/wp-json\/wp\/v2\/pages\/1064","targetHints":{"allow":["GET"]}}],"collection":[{"href":"https:\/\/gestos.co\/web\/wp-json\/wp\/v2\/pages"}],"about":[{"href":"https:\/\/gestos.co\/web\/wp-json\/wp\/v2\/types\/page"}],"author":[{"embeddable":true,"href":"https:\/\/gestos.co\/web\/wp-json\/wp\/v2\/users\/1"}],"replies":[{"embeddable":true,"href":"https:\/\/gestos.co\/web\/wp-json\/wp\/v2\/comments?post=1064"}],"version-history":[{"count":10,"href":"https:\/\/gestos.co\/web\/wp-json\/wp\/v2\/pages\/1064\/revisions"}],"predecessor-version":[{"id":1410,"href":"https:\/\/gestos.co\/web\/wp-json\/wp\/v2\/pages\/1064\/revisions\/1410"}],"wp:attachment":[{"href":"https:\/\/gestos.co\/web\/wp-json\/wp\/v2\/media?parent=1064"}],"curies":[{"name":"wp","href":"https:\/\/api.w.org\/{rel}","templated":true}]}}